{"id":93,"date":"2016-02-17T14:25:46","date_gmt":"2016-02-17T13:25:46","guid":{"rendered":"https:\/\/granier-mouillac-lab.igf.cnrs.fr\/?page_id=93"},"modified":"2021-09-14T08:27:37","modified_gmt":"2021-09-14T07:27:37","slug":"nous-contacter","status":"publish","type":"page","link":"https:\/\/granier-mouillac-lab.igf.cnrs.fr\/?page_id=93&lang=fr","title":{"rendered":"Contact"},"content":{"rendered":"<div id=\"nav_layer\">\n<div class=\"bumper\">\n<div id=\"id4\" class=\"style_SkipStroke_1 shape-with-text\" style=\"text-align: justify;\"><strong><em><span style=\"text-decoration: underline; font-family: arial, helvetica, sans-serif; font-size: 14pt;\">Postuler au sein de laboratoire (Post-Doctorat):<\/span><\/em><\/strong><\/div>\n<div id=\"id5\" class=\"style_SkipStroke_1 shape-with-text\" style=\"text-align: justify;\">\n<div class=\"text-content graphic_textbox_layout_style_default_External_800_100\">\n<div class=\"graphic_textbox_layout_style_default\">\n<p class=\"paragraph_style_16\"><span style=\"font-family: arial, helvetica, sans-serif; font-size: 12pt;\">Si vous \u00eates int\u00e9ress\u00e9 pour un post-doctorat dans le laboratoire, veuillez contacter directement S\u00e9bastien Granier (<a class=\"class11\" title=\"mailto:sebastien.granier@igf.cnrs.fr\" href=\"mailto:sebastien.granier@igf.cnrs.fr\">sebastien.granier@igf.cnrs.fr<\/a>). Envoyer un CV et lettre de motivation, veuillez \u00e9galement fournir trois lettres de recommandations directement par email. De mani\u00e8re g\u00e9n\u00e9rale, les postdocs doivent obtenir leurs propres bourses.<\/span><\/p>\n<\/div>\n<\/div>\n<\/div>\n<div class=\"tinyText style_SkipStroke_3\" style=\"text-align: justify;\"><span style=\"font-size: 14pt;\"><strong><em><span style=\"text-decoration: underline; font-family: arial, helvetica, sans-serif;\">Demandes de mat\u00e9riels:<\/span><\/em><\/strong><\/span><\/div>\n<div id=\"id6\" class=\"style_SkipStroke_1 shape-with-text\">\n<div class=\"text-content graphic_textbox_layout_style_default_External_800_100\">\n<div class=\"graphic_textbox_layout_style_default\">\n<p class=\"paragraph_style_16\" style=\"text-align: justify;\"><span style=\"font-family: arial, helvetica, sans-serif; font-size: 12pt;\">Nos constructions publi\u00e9es sont disponibles \u00e0 la communaut\u00e9 scientifique.&nbsp;Pour demander du mat\u00e9riel, sp\u00e9cifier les noms des constructions que vous souhaitez, en citant \u00e9galement la publication dans laquelle ils sont utilis\u00e9s. Veuillez contacter directement S\u00e9bastien Granier (<a class=\"class12\" title=\"mailto:sebastien.granier@igf.cnrs.fr\" href=\"mailto:sebastien.granier@igf.cnrs.fr\">sebastien.granier@igf.cnrs.fr<\/a>).<\/span><\/p>\n<\/div>\n<\/div>\n<\/div>\n<div class=\"spacer\"><span style=\"text-decoration: underline; font-family: arial, helvetica, sans-serif;\"><span style=\"font-size: 14pt;\"><em><strong>Nous contacter:<\/strong><\/em><\/span><\/span><\/div>\n<div class=\"spacer\" style=\"padding-left: 30px;\"><span style=\"font-size: 12pt; font-family: arial, helvetica, sans-serif;\"><span class=\"style_1\">Tel: <\/span><span class=\"style_2\">(+33)4 34 35 92 80<\/span><\/span><\/div>\n<div class=\"spacer\" style=\"padding-left: 30px;\"><span style=\"font-size: 12pt; font-family: arial, helvetica, sans-serif;\"><span class=\"style_3\">Email: <\/span><a class=\"class9\" title=\"mailto:sebastien.granier@igf.cnrs.fr\" href=\"mailto:sebastien.granier@igf.cnrs.fr\">sebastien.granier@igf.cnrs.fr<\/a><\/span><\/div>\n<\/div>\n<div class=\"bumper\"><span style=\"font-family: arial, helvetica, sans-serif;\">&nbsp;<\/span><\/div>\n<div class=\"bumper\"><span style=\"text-decoration: underline; font-family: arial, helvetica, sans-serif;\"><em><strong><span style=\"font-size: 14pt;\">Addresse:<\/span><\/strong><\/em><\/span><\/div>\n<\/div>\n<div id=\"body_layer\">\n<div id=\"id2\" class=\"style_SkipStroke_1 shape-with-text\">\n<div class=\"text-content graphic_textbox_layout_style_default_External_430_118\">\n<div class=\"graphic_textbox_layout_style_default\" style=\"padding-left: 30px;\"><span style=\"font-size: 12pt; font-family: arial, helvetica, sans-serif;\">Institut de G\u00e9nomique Fonctionnellle<\/span><\/div>\n<div class=\"graphic_textbox_layout_style_default\" style=\"padding-left: 30px;\"><span style=\"font-size: 12pt; font-family: arial, helvetica, sans-serif;\">141 rue de la Cardonille<\/span><\/div>\n<div class=\"graphic_textbox_layout_style_default\" style=\"padding-left: 30px;\"><span style=\"font-size: 12pt; font-family: arial, helvetica, sans-serif;\">34094 Montpellier Cedex 05<\/span><\/div>\n<div class=\"graphic_textbox_layout_style_default\" style=\"padding-left: 30px;\"><span style=\"font-size: 12pt; font-family: arial, helvetica, sans-serif;\">France<\/span><\/div>\n<\/div>\n<\/div>\n<div class=\"tinyText style_SkipStroke_2 stroke_0\"><iframe src=\"https:\/\/www.google.com\/maps\/embed?pb=!1m18!1m12!1m3!1d5775.265933884682!2d3.8466987999999946!3d43.63499760000001!2m3!1f0!2f0!3f0!3m2!1i1024!2i768!4f13.1!3m3!1m2!1s0x12b6aec0caef8da9%3A0xd6410718af3e4b30!2s141+Rue+de+la+Cardonille%2C+34090+Montpellier!5e0!3m2!1sfr!2sfr!4v1452096913829\" width=\"600\" height=\"450\" frameborder=\"0\" allowfullscreen=\"allowfullscreen\"><\/iframe><\/div>\n<\/div>\n<div class=\"tinyText style_SkipStroke_2 stroke_0\"><\/div>\n<div class=\"tinyText style_SkipStroke_2 stroke_0\">&nbsp;<img fetchpriority=\"high\" decoding=\"async\" class=\"alignnone wp-image-358\" src=\"https:\/\/granier-mouillac-lab.igf.cnrs.fr\/wp-content\/uploads\/2016\/04\/Sans-titre2-247x300.png\" alt=\"Sans titre2\" width=\"411\" height=\"500\"><\/div>\n","protected":false},"excerpt":{"rendered":"<p>Postuler au sein de laboratoire (Post-Doctorat): Si vous \u00eates int\u00e9ress\u00e9 pour un post-doctorat dans le laboratoire, veuillez contacter directement S\u00e9bastien Granier (sebastien.granier@igf.cnrs.fr). Envoyer un CV et lettre de motivation, veuillez \u00e9galement fournir trois lettres de recommandations directement par email. De mani\u00e8re g\u00e9n\u00e9rale, les postdocs doivent obtenir leurs propres bourses. Demandes de mat\u00e9riels: Nos constructions publi\u00e9es <a class=\"more-link\" href=\"https:\/\/granier-mouillac-lab.igf.cnrs.fr\/?page_id=93&#038;lang=fr\">Lire plus &#8230;<\/a><\/p>\n","protected":false},"author":2,"featured_media":0,"parent":0,"menu_order":0,"comment_status":"closed","ping_status":"closed","template":"","meta":{"footnotes":""},"class_list":["post-93","page","type-page","status-publish","hentry"],"_links":{"self":[{"href":"https:\/\/granier-mouillac-lab.igf.cnrs.fr\/index.php?rest_route=\/wp\/v2\/pages\/93","targetHints":{"allow":["GET"]}}],"collection":[{"href":"https:\/\/granier-mouillac-lab.igf.cnrs.fr\/index.php?rest_route=\/wp\/v2\/pages"}],"about":[{"href":"https:\/\/granier-mouillac-lab.igf.cnrs.fr\/index.php?rest_route=\/wp\/v2\/types\/page"}],"author":[{"embeddable":true,"href":"https:\/\/granier-mouillac-lab.igf.cnrs.fr\/index.php?rest_route=\/wp\/v2\/users\/2"}],"replies":[{"embeddable":true,"href":"https:\/\/granier-mouillac-lab.igf.cnrs.fr\/index.php?rest_route=%2Fwp%2Fv2%2Fcomments&post=93"}],"version-history":[{"count":34,"href":"https:\/\/granier-mouillac-lab.igf.cnrs.fr\/index.php?rest_route=\/wp\/v2\/pages\/93\/revisions"}],"predecessor-version":[{"id":1492,"href":"https:\/\/granier-mouillac-lab.igf.cnrs.fr\/index.php?rest_route=\/wp\/v2\/pages\/93\/revisions\/1492"}],"wp:attachment":[{"href":"https:\/\/granier-mouillac-lab.igf.cnrs.fr\/index.php?rest_route=%2Fwp%2Fv2%2Fmedia&parent=93"}],"curies":[{"name":"wp","href":"https:\/\/api.w.org\/{rel}","templated":true}]}}